{"id":27,"date":"2016-06-29T11:08:45","date_gmt":"2016-06-29T11:08:45","guid":{"rendered":"http:\/\/www.magistrimediterranei.org\/?page_id=27"},"modified":"2020-03-11T21:59:56","modified_gmt":"2020-03-11T21:59:56","slug":"grecia-francocatalana","status":"publish","type":"page","link":"https:\/\/www.magistrimediterranei.org\/es\/grecia-francocatalana\/","title":{"rendered":"Sicilia y Grecia Francocatalana"},"content":{"rendered":"<div class=\"flex_column av_three_fourth  flex_column_div av-zero-column-padding first  avia-builder-el-0  el_before_av_one_fourth  avia-builder-el-first  \" style='border-radius:0px; '><p><div style='padding-bottom:10px; ' class='av-special-heading av-special-heading-h3    avia-builder-el-1  el_before_av_portfolio  avia-builder-el-no-sibling   '><h3 class='av-special-heading-tag '  itemprop=\"headline\"  >Prosopograf\u00eda<\/h3><div class='special-heading-border'><div class='special-heading-inner-border' ><\/div><\/div><\/div><br \/>\n<div class=' grid-sort-container isotope   no_margin-container with-title-container grid-total-odd grid-col-4 grid-links-' data-portfolio-id='1'><div data-ajax-id='1213' class=' grid-entry flex_column isotope-item all_sort no_margin post-entry post-entry-1213 grid-entry-overview grid-loop-1 grid-parity-odd  prosoprografia_sort prosoprografia_sort prosoprografia_sort  av_one_fourth first default_av_fullwidth '><article class='main_color inner-entry'  itemscope=\"itemscope\" itemtype=\"https:\/\/schema.org\/CreativeWork\" ><a href='https:\/\/www.magistrimediterranei.org\/es\/item\/1213\/' title='Mar\u00eda de Sicilia y Arag\u00f3n'  data-rel='grid-1' class='grid-image avia-hover-fx'><img width=\"260\" height=\"185\" src=\"https:\/\/www.magistrimediterranei.org\/wp-content\/uploads\/2020\/03\/M01-copia-260x185.jpg\" class=\"attachment-portfolio_small size-portfolio_small wp-post-image\" alt=\"\" decoding=\"async\" loading=\"lazy\" \/><\/a><div class='grid-content'><div class='avia-arrow'><\/div><header class=\"entry-content-header\"><h3 class='grid-entry-title entry-title '  itemprop=\"headline\" ><a href='https:\/\/www.magistrimediterranei.org\/es\/item\/1213\/' title='Mar\u00eda de Sicilia y Arag\u00f3n'>Mar\u00eda de Sicilia y Arag\u00f3n<\/a><\/h3><\/header><\/div><footer class=\"entry-footer\"><\/footer><\/article><\/div><div data-ajax-id='966' class=' grid-entry flex_column isotope-item all_sort no_margin post-entry post-entry-966 grid-entry-overview grid-loop-2 grid-parity-even   av_one_fourth  default_av_fullwidth '><article class='main_color inner-entry'  itemscope=\"itemscope\" itemtype=\"https:\/\/schema.org\/CreativeWork\" ><a href='https:\/\/www.magistrimediterranei.org\/es\/item\/966\/' title='Constanza de Arag\u00f3n y de Sicilia'  data-rel='grid-1' class='grid-image avia-hover-fx'><img width=\"260\" height=\"185\" src=\"https:\/\/www.magistrimediterranei.org\/wp-content\/uploads\/2020\/03\/SC03-260x185.jpg\" class=\"attachment-portfolio_small size-portfolio_small wp-post-image\" alt=\"\" decoding=\"async\" loading=\"lazy\" \/><\/a><div class='grid-content'><div class='avia-arrow'><\/div><header class=\"entry-content-header\"><h3 class='grid-entry-title entry-title '  itemprop=\"headline\" ><a href='https:\/\/www.magistrimediterranei.org\/es\/item\/966\/' title='Constanza de Arag\u00f3n y de Sicilia'>Constanza de Arag\u00f3n y de Sicilia<\/a><\/h3><\/header><\/div><footer class=\"entry-footer\"><\/footer><\/article><\/div><div data-ajax-id='253' class=' grid-entry flex_column isotope-item all_sort no_margin post-entry post-entry-253 grid-entry-overview grid-loop-3 grid-parity-odd  post-entry-last   av_one_fourth  default_av_fullwidth '><article class='main_color inner-entry'  itemscope=\"itemscope\" itemtype=\"https:\/\/schema.org\/CreativeWork\" ><a href='https:\/\/www.magistrimediterranei.org\/es\/item\/alexander-magistri\/' title='Alexander, Magistri'  data-rel='grid-1' class='grid-image avia-hover-fx'><img width=\"228\" height=\"185\" src=\"https:\/\/www.magistrimediterranei.org\/wp-content\/uploads\/2016\/06\/sin-foto-228x185.jpg\" class=\"attachment-portfolio_small size-portfolio_small wp-post-image\" alt=\"\" decoding=\"async\" loading=\"lazy\" \/><\/a><div class='grid-content'><div class='avia-arrow'><\/div><header class=\"entry-content-header\"><h3 class='grid-entry-title entry-title '  itemprop=\"headline\" ><a href='https:\/\/www.magistrimediterranei.org\/es\/item\/alexander-magistri\/' title='Alexander, Magistri'>Alexander, Magistri<\/a><\/h3><\/header><\/div><footer class=\"entry-footer\"><\/footer><\/article><\/div><\/div><br \/>\n<div style='padding-bottom:10px; ' class='av-special-heading av-special-heading-h3    avia-builder-el-3  el_after_av_portfolio  el_before_av_portfolio  avia-builder-el-no-sibling   '><h3 class='av-special-heading-tag '  itemprop=\"headline\"  >Temas<\/h3><div class='special-heading-border'><div class='special-heading-inner-border' ><\/div><\/div><\/div><br \/>\n<br \/>\n<div style='padding-bottom:10px; ' class='av-special-heading av-special-heading-h3    avia-builder-el-5  el_after_av_portfolio  el_before_av_portfolio  avia-builder-el-no-sibling   '><h3 class='av-special-heading-tag '  itemprop=\"headline\"  >Lugares<\/h3><div class='special-heading-border'><div class='special-heading-inner-border' ><\/div><\/div><\/div><br \/>\n<br \/>\n<div style='padding-bottom:10px; ' class='av-special-heading av-special-heading-h3    avia-builder-el-7  el_after_av_portfolio  el_before_av_portfolio  avia-builder-el-no-sibling   '><h3 class='av-special-heading-tag '  itemprop=\"headline\"  >Objetos<\/h3><div class='special-heading-border'><div class='special-heading-inner-border' ><\/div><\/div><\/div><br \/>\n<br \/>\n<div style='padding-bottom:10px; ' class='av-special-heading av-special-heading-h3    avia-builder-el-9  el_after_av_portfolio  el_before_av_portfolio  avia-builder-el-no-sibling   '><h3 class='av-special-heading-tag '  itemprop=\"headline\"  >Monumentos<\/h3><div class='special-heading-border'><div class='special-heading-inner-border' ><\/div><\/div><\/div><br \/>\n<div class=' grid-sort-container isotope   no_margin-container with-title-container grid-total-even grid-col-4 grid-links-' data-portfolio-id='2'><div data-ajax-id='1061' class=' grid-entry flex_column isotope-item all_sort no_margin post-entry post-entry-1061 grid-entry-overview grid-loop-1 grid-parity-odd   av_one_fourth first default_av_fullwidth '><article class='main_color inner-entry'  itemscope=\"itemscope\" itemtype=\"https:\/\/schema.org\/CreativeWork\" ><a href='https:\/\/www.magistrimediterranei.org\/es\/item\/1061\/' title='Cubierta del sarc\u00f3fago de Constanza de Arag\u00f3n y Navarra'  data-rel='grid-2' class='grid-image avia-hover-fx'><img width=\"260\" height=\"185\" src=\"https:\/\/www.magistrimediterranei.org\/wp-content\/uploads\/2020\/03\/SC01-260x185.jpg\" class=\"attachment-portfolio_small size-portfolio_small wp-post-image\" alt=\"\" decoding=\"async\" loading=\"lazy\" \/><\/a><div class='grid-content'><div class='avia-arrow'><\/div><header class=\"entry-content-header\"><h3 class='grid-entry-title entry-title '  itemprop=\"headline\" ><a href='https:\/\/www.magistrimediterranei.org\/es\/item\/1061\/' title='Cubierta del sarc\u00f3fago de Constanza de Arag\u00f3n y Navarra'>Cubierta del sarc\u00f3fago de Constanza de Arag\u00f3n y Navarra<\/a><\/h3><\/header><\/div><footer class=\"entry-footer\"><\/footer><\/article><\/div><div data-ajax-id='1290' class=' grid-entry flex_column isotope-item all_sort no_margin post-entry post-entry-1290 grid-entry-overview grid-loop-2 grid-parity-even  post-entry-last  monumentos_sort monumentos_sort  av_one_fourth  default_av_fullwidth '><article class='main_color inner-entry'  itemscope=\"itemscope\" itemtype=\"https:\/\/schema.org\/CreativeWork\" ><a href='https:\/\/www.magistrimediterranei.org\/es\/item\/1290\/' title='Caja del sarc\u00f3fago de Mar\u00eda de Sicilia'  data-rel='grid-2' class='grid-image avia-hover-fx'><img width=\"260\" height=\"185\" src=\"https:\/\/www.magistrimediterranei.org\/wp-content\/uploads\/2020\/03\/SM09-260x185.jpg\" class=\"attachment-portfolio_small size-portfolio_small wp-post-image\" alt=\"\" decoding=\"async\" loading=\"lazy\" \/><\/a><div class='grid-content'><div class='avia-arrow'><\/div><header class=\"entry-content-header\"><h3 class='grid-entry-title entry-title '  itemprop=\"headline\" ><a href='https:\/\/www.magistrimediterranei.org\/es\/item\/1290\/' title='Caja del sarc\u00f3fago de Mar\u00eda de Sicilia'>Caja del sarc\u00f3fago de Mar\u00eda de Sicilia<\/a><\/h3><\/header><\/div><footer class=\"entry-footer\"><\/footer><\/article><\/div><\/div><\/p><\/div><div class=\"flex_column av_one_fourth  flex_column_div av-zero-column-padding   avia-builder-el-11  el_after_av_three_fourth  avia-builder-el-last  \" style='border-radius:0px; '><p><div class='avia-image-container  av-styling-    avia-builder-el-12  el_before_av_image  avia-builder-el-first  avia-align-center '  itemprop=\"image\" itemscope=\"itemscope\" itemtype=\"https:\/\/schema.org\/ImageObject\"  ><div class='avia-image-container-inner'><div class='avia-image-overlay-wrap'><img class='avia_image' src='https:\/\/www.magistrimediterranei.org\/wp-content\/uploads\/2016\/06\/cetines.png' alt='' title='cetines' height=\"250\" width=\"250\"  itemprop=\"thumbnailUrl\"  \/><\/div><\/div><\/div><br \/>\n<div class='avia-image-container  av-styling-    avia-builder-el-13  el_after_av_image  avia-builder-el-last  avia-align-center '  itemprop=\"image\" itemscope=\"itemscope\" itemtype=\"https:\/\/schema.org\/ImageObject\"  ><div class='avia-image-container-inner'><div class='avia-image-overlay-wrap'><img class='avia_image' src='https:\/\/www.magistrimediterranei.org\/wp-content\/uploads\/2016\/06\/lateral-3.jpg' alt='' title='lateral-3' height=\"800\" width=\"300\"  itemprop=\"thumbnailUrl\"  \/><\/div><\/div><\/div><\/p><\/div><\/p>\n","protected":false},"excerpt":{"rendered":"","protected":false},"author":1,"featured_media":0,"parent":0,"menu_order":0,"comment_status":"closed","ping_status":"closed","template":"","meta":[],"_links":{"self":[{"href":"https:\/\/www.magistrimediterranei.org\/es\/wp-json\/wp\/v2\/pages\/27"}],"collection":[{"href":"https:\/\/www.magistrimediterranei.org\/es\/wp-json\/wp\/v2\/pages"}],"about":[{"href":"https:\/\/www.magistrimediterranei.org\/es\/wp-json\/wp\/v2\/types\/page"}],"author":[{"embeddable":true,"href":"https:\/\/www.magistrimediterranei.org\/es\/wp-json\/wp\/v2\/users\/1"}],"replies":[{"embeddable":true,"href":"https:\/\/www.magistrimediterranei.org\/es\/wp-json\/wp\/v2\/comments?post=27"}],"version-history":[{"count":5,"href":"https:\/\/www.magistrimediterranei.org\/es\/wp-json\/wp\/v2\/pages\/27\/revisions"}],"predecessor-version":[{"id":1288,"href":"https:\/\/www.magistrimediterranei.org\/es\/wp-json\/wp\/v2\/pages\/27\/revisions\/1288"}],"wp:attachment":[{"href":"https:\/\/www.magistrimediterranei.org\/es\/wp-json\/wp\/v2\/media?parent=27"}],"curies":[{"name":"wp","href":"https:\/\/api.w.org\/{rel}","templated":true}]}}