{"id":13,"date":"2016-06-29T11:05:59","date_gmt":"2016-06-29T11:05:59","guid":{"rendered":"http:\/\/www.magistrimediterranei.org\/?page_id=13"},"modified":"2016-10-03T09:00:35","modified_gmt":"2016-10-03T09:00:35","slug":"proyecto","status":"publish","type":"page","link":"https:\/\/www.magistrimediterranei.org\/es\/proyecto\/","title":{"rendered":"Proyecto"},"content":{"rendered":"<div  data-size='no scaling'  data-lightbox_size='large'  data-animation='slide'  data-conditional_play=''  data-ids='368,369,372,373,375,376,378,379,380,381,494,495,496,497,498,499,500'  data-video_counter='0'  data-autoplay='true'  data-bg_slider='false'  data-slide_height=''  data-handle='av_slideshow'  data-interval='5'  data-class=' avia-builder-el-0  el_before_av_three_fourth  avia-builder-el-first  '  data-css_id=''  data-scroll_down=''  data-control_layout='av-control-default'  data-custom_markup=''  data-perma_caption=''  data-autoplay_stopper=''  data-image_attachment=''  data-min_height='0px'  class='avia-slideshow avia-slideshow-1  av-control-default av-default-height-applied avia-slideshow-no scaling av_slideshow  avia-builder-el-0  el_before_av_three_fourth  avia-builder-el-first   avia-slide-slider '  itemprop=\"image\" itemscope=\"itemscope\" itemtype=\"https:\/\/schema.org\/ImageObject\" ><ul class='avia-slideshow-inner ' style='padding-bottom: 29.221854304636%;' ><li  class=' slide-1 ' ><div data-rel='slideshow-1' class='avia-slide-wrap '   ><img src='https:\/\/www.magistrimediterranei.org\/wp-content\/uploads\/2016\/06\/1.jpg' width='1208' height='353' title='1' alt=''  itemprop=\"thumbnailUrl\"   \/><\/div><\/li><li  class=' slide-2 ' ><div data-rel='slideshow-1' class='avia-slide-wrap '   ><img src='https:\/\/www.magistrimediterranei.org\/wp-content\/uploads\/2016\/06\/2.jpg' width='1208' height='353' title='2' alt=''  itemprop=\"thumbnailUrl\"   \/><\/div><\/li><li  class=' slide-3 ' ><div data-rel='slideshow-1' class='avia-slide-wrap '   ><img src='https:\/\/www.magistrimediterranei.org\/wp-content\/uploads\/2016\/06\/3.jpg' width='1208' height='353' title='3' alt=''  itemprop=\"thumbnailUrl\"   \/><\/div><\/li><li  class=' slide-4 ' ><div data-rel='slideshow-1' class='avia-slide-wrap '   ><img src='https:\/\/www.magistrimediterranei.org\/wp-content\/uploads\/2016\/06\/4.jpg' width='1208' height='353' title='4' alt=''  itemprop=\"thumbnailUrl\"   \/><\/div><\/li><li  class=' slide-5 ' ><div data-rel='slideshow-1' class='avia-slide-wrap '   ><img src='https:\/\/www.magistrimediterranei.org\/wp-content\/uploads\/2016\/06\/5.jpg' width='1208' height='353' title='5' alt=''  itemprop=\"thumbnailUrl\"   \/><\/div><\/li><li  class=' slide-6 ' ><div data-rel='slideshow-1' class='avia-slide-wrap '   ><img src='https:\/\/www.magistrimediterranei.org\/wp-content\/uploads\/2016\/06\/6.jpg' width='1208' height='353' title='6' alt=''  itemprop=\"thumbnailUrl\"   \/><\/div><\/li><li  class=' slide-7 ' ><div data-rel='slideshow-1' class='avia-slide-wrap '   ><img src='https:\/\/www.magistrimediterranei.org\/wp-content\/uploads\/2016\/06\/7.jpg' width='1208' height='353' title='7' alt=''  itemprop=\"thumbnailUrl\"   \/><\/div><\/li><li  class=' slide-8 ' ><div data-rel='slideshow-1' class='avia-slide-wrap '   ><img src='https:\/\/www.magistrimediterranei.org\/wp-content\/uploads\/2016\/06\/8.jpg' width='1208' height='353' title='8' alt=''  itemprop=\"thumbnailUrl\"   \/><\/div><\/li><li  class=' slide-9 ' ><div data-rel='slideshow-1' class='avia-slide-wrap '   ><img src='https:\/\/www.magistrimediterranei.org\/wp-content\/uploads\/2016\/06\/9.jpg' width='1208' height='353' title='9' alt=''  itemprop=\"thumbnailUrl\"   \/><\/div><\/li><li  class=' slide-10 ' ><div data-rel='slideshow-1' class='avia-slide-wrap '   ><img src='https:\/\/www.magistrimediterranei.org\/wp-content\/uploads\/2016\/06\/10.jpg' width='1208' height='353' title='10' alt=''  itemprop=\"thumbnailUrl\"   \/><\/div><\/li><li  class=' slide-11 ' ><div data-rel='slideshow-1' class='avia-slide-wrap '   ><img src='https:\/\/www.magistrimediterranei.org\/wp-content\/uploads\/2016\/06\/11.jpg' width='1208' height='353' title='11' alt=''  itemprop=\"thumbnailUrl\"   \/><\/div><\/li><li  class=' slide-12 ' ><div data-rel='slideshow-1' class='avia-slide-wrap '   ><img src='https:\/\/www.magistrimediterranei.org\/wp-content\/uploads\/2016\/06\/12.jpg' width='1208' height='353' title='12' alt=''  itemprop=\"thumbnailUrl\"   \/><\/div><\/li><li  class=' slide-13 ' ><div data-rel='slideshow-1' class='avia-slide-wrap '   ><img src='https:\/\/www.magistrimediterranei.org\/wp-content\/uploads\/2016\/06\/13.jpg' width='1208' height='353' title='13' alt=''  itemprop=\"thumbnailUrl\"   \/><\/div><\/li><li  class=' slide-14 ' ><div data-rel='slideshow-1' class='avia-slide-wrap '   ><img src='https:\/\/www.magistrimediterranei.org\/wp-content\/uploads\/2016\/06\/14.jpg' width='1208' height='353' title='14' alt=''  itemprop=\"thumbnailUrl\"   \/><\/div><\/li><li  class=' slide-15 ' ><div data-rel='slideshow-1' class='avia-slide-wrap '   ><img src='https:\/\/www.magistrimediterranei.org\/wp-content\/uploads\/2016\/06\/15.jpg' width='1208' height='353' title='15' alt=''  itemprop=\"thumbnailUrl\"   \/><\/div><\/li><li  class=' slide-16 ' ><div data-rel='slideshow-1' class='avia-slide-wrap '   ><img src='https:\/\/www.magistrimediterranei.org\/wp-content\/uploads\/2016\/06\/16.jpg' width='1208' height='353' title='16' alt=''  itemprop=\"thumbnailUrl\"   \/><\/div><\/li><li  class=' slide-17 ' ><div data-rel='slideshow-1' class='avia-slide-wrap '   ><img src='https:\/\/www.magistrimediterranei.org\/wp-content\/uploads\/2016\/06\/17.jpg' width='1208' height='353' title='17' alt=''  itemprop=\"thumbnailUrl\"   \/><\/div><\/li><\/ul><div class='avia-slideshow-arrows avia-slideshow-controls'><a href='#prev' class='prev-slide' aria-hidden='true' data-av_icon='\ue87c' data-av_iconfont='entypo-fontello'>Anterior<\/a><a href='#next' class='next-slide' aria-hidden='true' data-av_icon='\ue87d' data-av_iconfont='entypo-fontello'>Posterior<\/a><\/div><div class='avia-slideshow-dots avia-slideshow-controls'><a href='#1' class='goto-slide active' >1<\/a><a href='#2' class='goto-slide ' >2<\/a><a href='#3' class='goto-slide ' >3<\/a><a href='#4' class='goto-slide ' >4<\/a><a href='#5' class='goto-slide ' >5<\/a><a href='#6' class='goto-slide ' >6<\/a><a href='#7' class='goto-slide ' >7<\/a><a href='#8' class='goto-slide ' >8<\/a><a href='#9' class='goto-slide ' >9<\/a><a href='#10' class='goto-slide ' >10<\/a><a href='#11' class='goto-slide ' >11<\/a><a href='#12' class='goto-slide ' >12<\/a><a href='#13' class='goto-slide ' >13<\/a><a href='#14' class='goto-slide ' >14<\/a><a href='#15' class='goto-slide ' >15<\/a><a href='#16' class='goto-slide ' >16<\/a><a href='#17' class='goto-slide ' >17<\/a><\/div><\/div>\n<div class=\"flex_column av_three_fourth  flex_column_div av-zero-column-padding first  avia-builder-el-1  el_after_av_slideshow  el_before_av_one_fourth  \" style='border-radius:0px; '><p><div style='padding-bottom:10px; ' class='av-special-heading av-special-heading-h1  blockquote modern-quote  avia-builder-el-2  el_before_av_textblock  avia-builder-el-first   '><div class ='av-subheading av-subheading_above  ' style='font-size:15px;'><p>MOVILIDAD Y TRANSFERENCIA ART\u00cdSTICA EN EL MEDITERR\u00c1NEO MEDIEVAL (1187-1388): ARTISTAS, OBJETOS Y MODELOS<\/p>\n<\/div><h1 class='av-special-heading-tag '  itemprop=\"headline\"  >MAGISTRI MEDITERRANEI<\/h1><div class='special-heading-border'><div class='special-heading-inner-border' ><\/div><\/div><\/div><br \/>\n<section class=\"av_textblock_section \"  itemscope=\"itemscope\" itemtype=\"https:\/\/schema.org\/CreativeWork\" ><div class='avia_textblock  '   itemprop=\"text\" ><p style=\"text-align: justify;\">La ca\u00edda de Jerusal\u00e9n en 1187 y la p\u00e9rdida de Atenas por los catalanes en 1388 marcan dos siglos convulsos de movimiento y expansi\u00f3n de los distintos estados latinos del Mediterr\u00e1neo que propiciaron como nunca la movilidad y transferencia art\u00edstica entre latinos, griegos y cristianos orientales. Tanto la \u00abprotecci\u00f3n\u00bb y\u00a0 peregrinaci\u00f3n a los Santos Lugares como la creaci\u00f3n de nuevas rutas de expansi\u00f3n militar y comercial llevaron a la Corona Catalano-Aragonesa o a ciudades como Venecia, Pisa o G\u00e9nova a favorecer distintos procesos de apropiaci\u00f3n de lo sagrado, adquisici\u00f3n de botines de guerra, o\u00a0 intercambio de regalos\u00a0 de\u00a0 significaci\u00f3n pol\u00edtico-din\u00e1stica o diplom\u00e1tica. Ello cristaliz\u00f3 en un inusitado\u00a0 flujo de artistas, modelos y objetos as\u00ed como en la afirmaci\u00f3n de ciertos mitos fundacionales\u00a0 (H\u00e9rcules) o\u00a0 devociones\u00a0 (S. Eulalia, S. Catalina, S. Tecla, S. B\u00e1rbara, S. Antonio, S. Jorge, S. Marcos, etc) que propiciaron la creaci\u00f3n de fuertes y variadas identidades culturales. El arte de las \u00d3rdenes Militares, los pr\u00e9stamos del Islam, el prestigio de las gestas de los cruzados, el encuentro de saberes, o la fascinaci\u00f3n por Bizancio parecen haberse convertido en paradigmas de una \u00e9poca. Una serie de escenarios parecen haber especialmente propiciado esa peculiar interacci\u00f3n: la Catalunya Nova (Tarragona), Valencia, Mallorca, Cerde\u00f1a, Sicilia, el reino de Acre, la dinast\u00eda Lusignan en Chipre, el Imperio Latino de Constantinopla, o la aventura de la Gran Compa\u00f1\u00eda Catalana en el Imperio Bizantino, con el consiguiente establecimiento del Ducado de Atenas y Neopatria. Se trata de un intercambio que va en dos direcciones, y que propici\u00f3 as\u00ed interesantes procesos de aculturaci\u00f3n e introyecci\u00f3n art\u00edstica hasta ahora no suficientemente explorados por la historiograf\u00eda y que deben ser entendidos dentro del paradigma de una Global Middle Ages.<\/p>\n<\/div><\/section><\/p><\/div>\n<div class=\"flex_column av_one_fourth  flex_column_div av-zero-column-padding   avia-builder-el-4  el_after_av_three_fourth  avia-builder-el-last  \" style='border-radius:0px; '><div class='avia-image-container  av-styling-    avia-builder-el-5  avia-builder-el-no-sibling  avia-align-center '  itemprop=\"image\" itemscope=\"itemscope\" itemtype=\"https:\/\/schema.org\/ImageObject\"  ><div class='avia-image-container-inner'><div class='avia-image-overlay-wrap'><img class='avia_image' src='https:\/\/www.magistrimediterranei.org\/wp-content\/uploads\/2016\/06\/lateral-3.jpg' alt='' title='lateral-3' height=\"800\" width=\"300\"  itemprop=\"thumbnailUrl\"  \/><\/div><\/div><\/div><\/div>\n","protected":false},"excerpt":{"rendered":"","protected":false},"author":1,"featured_media":0,"parent":0,"menu_order":0,"comment_status":"closed","ping_status":"closed","template":"","meta":[],"_links":{"self":[{"href":"https:\/\/www.magistrimediterranei.org\/es\/wp-json\/wp\/v2\/pages\/13"}],"collection":[{"href":"https:\/\/www.magistrimediterranei.org\/es\/wp-json\/wp\/v2\/pages"}],"about":[{"href":"https:\/\/www.magistrimediterranei.org\/es\/wp-json\/wp\/v2\/types\/page"}],"author":[{"embeddable":true,"href":"https:\/\/www.magistrimediterranei.org\/es\/wp-json\/wp\/v2\/users\/1"}],"replies":[{"embeddable":true,"href":"https:\/\/www.magistrimediterranei.org\/es\/wp-json\/wp\/v2\/comments?post=13"}],"version-history":[{"count":5,"href":"https:\/\/www.magistrimediterranei.org\/es\/wp-json\/wp\/v2\/pages\/13\/revisions"}],"predecessor-version":[{"id":956,"href":"https:\/\/www.magistrimediterranei.org\/es\/wp-json\/wp\/v2\/pages\/13\/revisions\/956"}],"wp:attachment":[{"href":"https:\/\/www.magistrimediterranei.org\/es\/wp-json\/wp\/v2\/media?parent=13"}],"curies":[{"name":"wp","href":"https:\/\/api.w.org\/{rel}","templated":true}]}}