{"id":88,"date":"2016-06-30T10:01:39","date_gmt":"2016-06-30T10:01:39","guid":{"rendered":"http:\/\/www.magistrimediterranei.org\/ca\/?page_id=88"},"modified":"2016-10-03T09:01:13","modified_gmt":"2016-10-03T09:01:13","slug":"projecte","status":"publish","type":"page","link":"https:\/\/www.magistrimediterranei.org\/ca\/projecte\/","title":{"rendered":"Projecte"},"content":{"rendered":"<div  data-size='featured'  data-lightbox_size='large'  data-animation='slide'  data-conditional_play=''  data-ids='381,380,378,376,375,373,372,369,368,500,499,498,497,496,495,494'  data-video_counter='0'  data-autoplay='true'  data-bg_slider='false'  data-slide_height=''  data-handle='av_slideshow'  data-interval='5'  data-class=' avia-builder-el-0  el_before_av_three_fourth  avia-builder-el-first  '  data-css_id=''  data-scroll_down=''  data-control_layout='av-control-default'  data-custom_markup=''  data-perma_caption=''  data-autoplay_stopper=''  data-image_attachment=''  data-min_height='0px'  data-default-height='28.666666666667'  class='avia-slideshow avia-slideshow-1  av-control-default av-default-height-applied avia-slideshow-featured av_slideshow  avia-builder-el-0  el_before_av_three_fourth  avia-builder-el-first   avia-slide-slider '  itemprop=\"image\" itemscope=\"itemscope\" itemtype=\"https:\/\/schema.org\/ImageObject\" ><ul class='avia-slideshow-inner ' style='padding-bottom: 29.221854304636%;' ><li  class=' slide-1 ' ><div data-rel='slideshow-1' class='avia-slide-wrap '   ><img src='https:\/\/www.magistrimediterranei.org\/wp-content\/uploads\/2016\/06\/10.jpg' width='1208' height='353' title='10' alt=''  itemprop=\"thumbnailUrl\"   \/><\/div><\/li><li  class=' slide-2 ' ><div data-rel='slideshow-1' class='avia-slide-wrap '   ><img src='https:\/\/www.magistrimediterranei.org\/wp-content\/uploads\/2016\/06\/9.jpg' width='1208' height='353' title='9' alt=''  itemprop=\"thumbnailUrl\"   \/><\/div><\/li><li  class=' slide-3 ' ><div data-rel='slideshow-1' class='avia-slide-wrap '   ><img src='https:\/\/www.magistrimediterranei.org\/wp-content\/uploads\/2016\/06\/7.jpg' width='1208' height='353' title='7' alt=''  itemprop=\"thumbnailUrl\"   \/><\/div><\/li><li  class=' slide-4 ' ><div data-rel='slideshow-1' class='avia-slide-wrap '   ><img src='https:\/\/www.magistrimediterranei.org\/wp-content\/uploads\/2016\/06\/6.jpg' width='1208' height='353' title='6' alt=''  itemprop=\"thumbnailUrl\"   \/><\/div><\/li><li  class=' slide-5 ' ><div data-rel='slideshow-1' class='avia-slide-wrap '   ><img src='https:\/\/www.magistrimediterranei.org\/wp-content\/uploads\/2016\/06\/5.jpg' width='1208' height='353' title='5' alt=''  itemprop=\"thumbnailUrl\"   \/><\/div><\/li><li  class=' slide-6 ' ><div data-rel='slideshow-1' class='avia-slide-wrap '   ><img src='https:\/\/www.magistrimediterranei.org\/wp-content\/uploads\/2016\/06\/4.jpg' width='1208' height='353' title='4' alt=''  itemprop=\"thumbnailUrl\"   \/><\/div><\/li><li  class=' slide-7 ' ><div data-rel='slideshow-1' class='avia-slide-wrap '   ><img src='https:\/\/www.magistrimediterranei.org\/wp-content\/uploads\/2016\/06\/3.jpg' width='1208' height='353' title='3' alt=''  itemprop=\"thumbnailUrl\"   \/><\/div><\/li><li  class=' slide-8 ' ><div data-rel='slideshow-1' class='avia-slide-wrap '   ><img src='https:\/\/www.magistrimediterranei.org\/wp-content\/uploads\/2016\/06\/2.jpg' width='1208' height='353' title='2' alt=''  itemprop=\"thumbnailUrl\"   \/><\/div><\/li><li  class=' slide-9 ' ><div data-rel='slideshow-1' class='avia-slide-wrap '   ><img src='https:\/\/www.magistrimediterranei.org\/wp-content\/uploads\/2016\/06\/1.jpg' width='1208' height='353' title='1' alt=''  itemprop=\"thumbnailUrl\"   \/><\/div><\/li><li  class=' slide-10 ' ><div data-rel='slideshow-1' class='avia-slide-wrap '   ><img src='https:\/\/www.magistrimediterranei.org\/wp-content\/uploads\/2016\/06\/17.jpg' width='1208' height='353' title='17' alt=''  itemprop=\"thumbnailUrl\"   \/><\/div><\/li><li  class=' slide-11 ' ><div data-rel='slideshow-1' class='avia-slide-wrap '   ><img src='https:\/\/www.magistrimediterranei.org\/wp-content\/uploads\/2016\/06\/16.jpg' width='1208' height='353' title='16' alt=''  itemprop=\"thumbnailUrl\"   \/><\/div><\/li><li  class=' slide-12 ' ><div data-rel='slideshow-1' class='avia-slide-wrap '   ><img src='https:\/\/www.magistrimediterranei.org\/wp-content\/uploads\/2016\/06\/15.jpg' width='1208' height='353' title='15' alt=''  itemprop=\"thumbnailUrl\"   \/><\/div><\/li><li  class=' slide-13 ' ><div data-rel='slideshow-1' class='avia-slide-wrap '   ><img src='https:\/\/www.magistrimediterranei.org\/wp-content\/uploads\/2016\/06\/14.jpg' width='1208' height='353' title='14' alt=''  itemprop=\"thumbnailUrl\"   \/><\/div><\/li><li  class=' slide-14 ' ><div data-rel='slideshow-1' class='avia-slide-wrap '   ><img src='https:\/\/www.magistrimediterranei.org\/wp-content\/uploads\/2016\/06\/13.jpg' width='1208' height='353' title='13' alt=''  itemprop=\"thumbnailUrl\"   \/><\/div><\/li><li  class=' slide-15 ' ><div data-rel='slideshow-1' class='avia-slide-wrap '   ><img src='https:\/\/www.magistrimediterranei.org\/wp-content\/uploads\/2016\/06\/12.jpg' width='1208' height='353' title='12' alt=''  itemprop=\"thumbnailUrl\"   \/><\/div><\/li><li  class=' slide-16 ' ><div data-rel='slideshow-1' class='avia-slide-wrap '   ><img src='https:\/\/www.magistrimediterranei.org\/wp-content\/uploads\/2016\/06\/11.jpg' width='1208' height='353' title='11' alt=''  itemprop=\"thumbnailUrl\"   \/><\/div><\/li><\/ul><div class='avia-slideshow-arrows avia-slideshow-controls'><a href='#prev' class='prev-slide' aria-hidden='true' data-av_icon='\ue87c' data-av_iconfont='entypo-fontello'>Anterior<\/a><a href='#next' class='next-slide' aria-hidden='true' data-av_icon='\ue87d' data-av_iconfont='entypo-fontello'>Seg\u00fcent<\/a><\/div><div class='avia-slideshow-dots avia-slideshow-controls'><a href='#1' class='goto-slide active' >1<\/a><a href='#2' class='goto-slide ' >2<\/a><a href='#3' class='goto-slide ' >3<\/a><a href='#4' class='goto-slide ' >4<\/a><a href='#5' class='goto-slide ' >5<\/a><a href='#6' class='goto-slide ' >6<\/a><a href='#7' class='goto-slide ' >7<\/a><a href='#8' class='goto-slide ' >8<\/a><a href='#9' class='goto-slide ' >9<\/a><a href='#10' class='goto-slide ' >10<\/a><a href='#11' class='goto-slide ' >11<\/a><a href='#12' class='goto-slide ' >12<\/a><a href='#13' class='goto-slide ' >13<\/a><a href='#14' class='goto-slide ' >14<\/a><a href='#15' class='goto-slide ' >15<\/a><a href='#16' class='goto-slide ' >16<\/a><\/div><\/div>\n<div class=\"flex_column av_three_fourth  flex_column_div av-zero-column-padding first  avia-builder-el-1  el_after_av_slideshow  el_before_av_one_fourth  \" style='border-radius:0px; '><p><div style='padding-bottom:10px; ' class='av-special-heading av-special-heading-h1  blockquote modern-quote  avia-builder-el-2  el_before_av_textblock  avia-builder-el-first  '><h1 class='av-special-heading-tag '  itemprop=\"headline\"  >MAGISTRI MEDITERRANEI<\/h1><div class='special-heading-border'><div class='special-heading-inner-border' ><\/div><\/div><\/div><br \/>\n<section class=\"av_textblock_section \"  itemscope=\"itemscope\" itemtype=\"https:\/\/schema.org\/CreativeWork\" ><div class='avia_textblock  '   itemprop=\"text\" ><p style=\"text-align: justify;\">La caiguda de Jerusalem en 1187 i la p\u00e8rdua d\u2019Atenes pels catalans en 1388 marquen dos segles convulsos de moviment i expansi\u00f3 dels diferents estats llatins del Mediterrani que propiciaren com mai la mobilitat i transfer\u00e8ncia art\u00edstica entre llatins, grecs i cristians orientals. Tant la &#8220;protecci\u00f3&#8221; i la peregrinaci\u00f3 als Llocs Sants com la creaci\u00f3 de noves rutes d\u2019expansi\u00f3 militar i comercial portaren la Corona Catalano-Aragonesa o a ciutats com Ven\u00e8cia, Pisa o G\u00e8nova a afavorir diferents processos d\u2019apropiaci\u00f3 del sagrat, adquisici\u00f3 de botins de guerra, o\u00a0 intercanvi de regals\u00a0 de\u00a0 significaci\u00f3 pol\u00edtico-din\u00e0stica o diplom\u00e0tica. Tot plegat cristalitz\u00e0 en un poc habitual flux d\u2019artistes, models i objectes, aix\u00ed com en l\u2019afirmaci\u00f3 de certs mites fundacionals\u00a0 (Heracles) o\u00a0 devocions\u00a0 (S. Eul\u00e0lia, S. Caterina, S. Tecla, S. B\u00e0rbara, S. Antoni, S. Jordi, S. Marc, etc) que propiciaren la creaci\u00f3 de fortes i variades identitats culturals. L\u2019art de les Ordes Militars, els pr\u00e9stecs de l\u2019Islam, el prestigi de las gestes dels croats, la trobada de sabers, o la fascinaci\u00f3 per Bizanci semblen convertir-se en paradigmes d\u2019una \u00e8poca. Una s\u00e8rie d\u2019escenaris semblen haver especialment propiciat aquesta peculiar interacci\u00f3: la Catalunya Nova (Tarragona), Val\u00e8ncia, Mallorca, Cerdenya, Sic\u00edlia, el regne d\u2019Acre, la dinastia Lusignan a Xipre, l\u2019Imperi Llat\u00ed de Constantinoble, o l\u2019aventura de la Gran Companyia Catalana en l\u2019Imperi Bizant\u00ed, amb el conseg\u00fcent establiment del Ducat d\u2019Atenes i Neopatria. Es tracta d\u2019un intercanvi que va en dues direccions, i que propici\u00e0 aix\u00ed interesants processos d\u2019aculturaci\u00f3 i introjecci\u00f3 art\u00edstica fins ara no suficientment explorats per la historiografia i que han de ser entesos dins del paradigma d\u2019una Global Middle Ages.<\/p>\n<\/div><\/section><\/p><\/div>\n<div class=\"flex_column av_one_fourth  flex_column_div av-zero-column-padding   avia-builder-el-4  el_after_av_three_fourth  avia-builder-el-last  \" style='border-radius:0px; '><div class='avia-image-container  av-styling-    avia-builder-el-5  avia-builder-el-no-sibling  avia-align-center '  itemprop=\"image\" itemscope=\"itemscope\" itemtype=\"https:\/\/schema.org\/ImageObject\"  ><div class='avia-image-container-inner'><div class='avia-image-overlay-wrap'><img class='avia_image' src='https:\/\/www.magistrimediterranei.org\/wp-content\/uploads\/2016\/06\/lateral-3.jpg' alt='' title='lateral-3' height=\"800\" width=\"300\"  itemprop=\"thumbnailUrl\"  \/><\/div><\/div><\/div><\/div>\n","protected":false},"excerpt":{"rendered":"","protected":false},"author":1,"featured_media":0,"parent":0,"menu_order":0,"comment_status":"closed","ping_status":"closed","template":"","meta":[],"_links":{"self":[{"href":"https:\/\/www.magistrimediterranei.org\/ca\/wp-json\/wp\/v2\/pages\/88"}],"collection":[{"href":"https:\/\/www.magistrimediterranei.org\/ca\/wp-json\/wp\/v2\/pages"}],"about":[{"href":"https:\/\/www.magistrimediterranei.org\/ca\/wp-json\/wp\/v2\/types\/page"}],"author":[{"embeddable":true,"href":"https:\/\/www.magistrimediterranei.org\/ca\/wp-json\/wp\/v2\/users\/1"}],"replies":[{"embeddable":true,"href":"https:\/\/www.magistrimediterranei.org\/ca\/wp-json\/wp\/v2\/comments?post=88"}],"version-history":[{"count":5,"href":"https:\/\/www.magistrimediterranei.org\/ca\/wp-json\/wp\/v2\/pages\/88\/revisions"}],"predecessor-version":[{"id":957,"href":"https:\/\/www.magistrimediterranei.org\/ca\/wp-json\/wp\/v2\/pages\/88\/revisions\/957"}],"wp:attachment":[{"href":"https:\/\/www.magistrimediterranei.org\/ca\/wp-json\/wp\/v2\/media?parent=88"}],"curies":[{"name":"wp","href":"https:\/\/api.w.org\/{rel}","templated":true}]}}