{"id":1278,"date":"2020-03-19T09:45:50","date_gmt":"2020-03-19T09:45:50","guid":{"rendered":"https:\/\/www.magistrimediterranei.org\/?page_id=1278"},"modified":"2020-03-26T20:56:44","modified_gmt":"2020-03-26T20:56:44","slug":"sicilia-i-grecia-francocatalana","status":"publish","type":"page","link":"https:\/\/www.magistrimediterranei.org\/ca\/sicilia-i-grecia-francocatalana\/","title":{"rendered":"Sic\u00edlia i Gr\u00e8cia Francocatalana"},"content":{"rendered":"<div class=\"flex_column av_three_fourth  flex_column_div av-zero-column-padding first  avia-builder-el-0  el_before_av_one_fourth  avia-builder-el-first  \" style='border-radius:0px; '><p><div style='padding-bottom:10px; ' class='av-special-heading av-special-heading-h3    avia-builder-el-1  el_before_av_portfolio  avia-builder-el-no-sibling   '><h3 class='av-special-heading-tag '  itemprop=\"headline\"  >Prosopograf\u00eda<\/h3><div class='special-heading-border'><div class='special-heading-inner-border' ><\/div><\/div><\/div><br \/>\n<div class=' grid-sort-container isotope   no_margin-container with-title-container grid-total-even grid-col-4 grid-links-' data-portfolio-id='1'><div data-ajax-id='1246' class=' grid-entry flex_column isotope-item all_sort no_margin post-entry post-entry-1246 grid-entry-overview grid-loop-1 grid-parity-odd  prosoprografia-ca_sort prosoprografia-ca_sort  av_one_fourth first default_av_fullwidth '><article class='main_color inner-entry'  itemscope=\"itemscope\" itemtype=\"https:\/\/schema.org\/CreativeWork\" ><a href='https:\/\/www.magistrimediterranei.org\/ca\/item\/1213\/' title='Maria de Sic\u00edlia i d&#039;Arag\u00f3'  data-rel='grid-1' class='grid-image avia-hover-fx'><img width=\"260\" height=\"185\" src=\"https:\/\/www.magistrimediterranei.org\/wp-content\/uploads\/2020\/03\/M01-copia-260x185.jpg\" class=\"attachment-portfolio_small size-portfolio_small wp-post-image\" alt=\"\" decoding=\"async\" loading=\"lazy\" \/><\/a><div class='grid-content'><div class='avia-arrow'><\/div><header class=\"entry-content-header\"><h3 class='grid-entry-title entry-title '  itemprop=\"headline\" ><a href='https:\/\/www.magistrimediterranei.org\/ca\/item\/1213\/' title='Maria de Sic\u00edlia i d&#039;Arag\u00f3'>Maria de Sic\u00edlia i d'Arag\u00f3<\/a><\/h3><\/header><\/div><footer class=\"entry-footer\"><\/footer><\/article><\/div><div data-ajax-id='1102' class=' grid-entry flex_column isotope-item all_sort no_margin post-entry post-entry-1102 grid-entry-overview grid-loop-2 grid-parity-even  post-entry-last   av_one_fourth  default_av_fullwidth '><article class='main_color inner-entry'  itemscope=\"itemscope\" itemtype=\"https:\/\/schema.org\/CreativeWork\" ><a href='https:\/\/www.magistrimediterranei.org\/ca\/item\/966\/' title='Constan\u00e7a d&#039;Arag\u00f3 i de Navarra'  data-rel='grid-1' class='grid-image avia-hover-fx'><img width=\"260\" height=\"185\" src=\"https:\/\/www.magistrimediterranei.org\/wp-content\/uploads\/2020\/03\/SC03-260x185.jpg\" class=\"attachment-portfolio_small size-portfolio_small wp-post-image\" alt=\"\" decoding=\"async\" loading=\"lazy\" \/><\/a><div class='grid-content'><div class='avia-arrow'><\/div><header class=\"entry-content-header\"><h3 class='grid-entry-title entry-title '  itemprop=\"headline\" ><a href='https:\/\/www.magistrimediterranei.org\/ca\/item\/966\/' title='Constan\u00e7a d&#039;Arag\u00f3 i de Navarra'>Constan\u00e7a d'Arag\u00f3 i de Navarra<\/a><\/h3><\/header><\/div><footer class=\"entry-footer\"><\/footer><\/article><\/div><\/div><br \/>\n<div style='padding-bottom:10px; ' class='av-special-heading av-special-heading-h3    avia-builder-el-3  el_after_av_portfolio  el_before_av_portfolio  avia-builder-el-no-sibling  '><h3 class='av-special-heading-tag '  itemprop=\"headline\"  >Temes<\/h3><div class='special-heading-border'><div class='special-heading-inner-border' ><\/div><\/div><\/div><br \/>\n<br \/>\n<div style='padding-bottom:10px; ' class='av-special-heading av-special-heading-h3    avia-builder-el-5  el_after_av_portfolio  el_before_av_portfolio  avia-builder-el-no-sibling  '><h3 class='av-special-heading-tag '  itemprop=\"headline\"  >Llocs<\/h3><div class='special-heading-border'><div class='special-heading-inner-border' ><\/div><\/div><\/div><br \/>\n<br \/>\n<div style='padding-bottom:10px; ' class='av-special-heading av-special-heading-h3    avia-builder-el-7  el_after_av_portfolio  el_before_av_portfolio  avia-builder-el-no-sibling  '><h3 class='av-special-heading-tag '  itemprop=\"headline\"  >Objectes<\/h3><div class='special-heading-border'><div class='special-heading-inner-border' ><\/div><\/div><\/div><br \/>\n<br \/>\n<div style='padding-bottom:10px; ' class='av-special-heading av-special-heading-h3    avia-builder-el-9  el_after_av_portfolio  el_before_av_portfolio  avia-builder-el-no-sibling  '><h3 class='av-special-heading-tag '  itemprop=\"headline\"  >Monuments<\/h3><div class='special-heading-border'><div class='special-heading-inner-border' ><\/div><\/div><\/div><br \/>\n<div class=' grid-sort-container isotope   no_margin-container with-title-container grid-total-even grid-col-4 grid-links-' data-portfolio-id='2'><div data-ajax-id='1122' class=' grid-entry flex_column isotope-item all_sort no_margin post-entry post-entry-1122 grid-entry-overview grid-loop-1 grid-parity-odd   av_one_fourth first default_av_fullwidth '><article class='main_color inner-entry'  itemscope=\"itemscope\" itemtype=\"https:\/\/schema.org\/CreativeWork\" ><a href='https:\/\/www.magistrimediterranei.org\/ca\/item\/1061\/' title='Coberta del sarc\u00f2fag de Constan\u00e7a d\u2019Arag\u00f3 i de Navarra'  data-rel='grid-2' class='grid-image avia-hover-fx'><img width=\"260\" height=\"185\" src=\"https:\/\/www.magistrimediterranei.org\/wp-content\/uploads\/2020\/03\/SC01-260x185.jpg\" class=\"attachment-portfolio_small size-portfolio_small wp-post-image\" alt=\"\" decoding=\"async\" loading=\"lazy\" \/><small class='avia-copyright'>Pilar Viladomiu<\/small><\/a><div class='grid-content'><div class='avia-arrow'><\/div><header class=\"entry-content-header\"><h3 class='grid-entry-title entry-title '  itemprop=\"headline\" ><a href='https:\/\/www.magistrimediterranei.org\/ca\/item\/1061\/' title='Coberta del sarc\u00f2fag de Constan\u00e7a d\u2019Arag\u00f3 i de Navarra'>Coberta del sarc\u00f2fag de Constan\u00e7a d\u2019Arag\u00f3 i de Navarra<\/a><\/h3><\/header><\/div><footer class=\"entry-footer\"><\/footer><\/article><\/div><div data-ajax-id='1352' class=' grid-entry flex_column isotope-item all_sort no_margin post-entry post-entry-1352 grid-entry-overview grid-loop-2 grid-parity-even  post-entry-last  monuments-ca_sort monuments-ca_sort  av_one_fourth  default_av_fullwidth '><article class='main_color inner-entry'  itemscope=\"itemscope\" itemtype=\"https:\/\/schema.org\/CreativeWork\" ><a href='https:\/\/www.magistrimediterranei.org\/ca\/item\/1290\/' title='Caixa del sarc\u00f2fag de Maria de Sic\u00edlia'  data-rel='grid-2' class='grid-image avia-hover-fx'><img width=\"260\" height=\"185\" src=\"https:\/\/www.magistrimediterranei.org\/wp-content\/uploads\/2020\/03\/SM09-260x185.jpg\" class=\"attachment-portfolio_small size-portfolio_small wp-post-image\" alt=\"\" decoding=\"async\" loading=\"lazy\" \/><\/a><div class='grid-content'><div class='avia-arrow'><\/div><header class=\"entry-content-header\"><h3 class='grid-entry-title entry-title '  itemprop=\"headline\" ><a href='https:\/\/www.magistrimediterranei.org\/ca\/item\/1290\/' title='Caixa del sarc\u00f2fag de Maria de Sic\u00edlia'>Caixa del sarc\u00f2fag de Maria de Sic\u00edlia<\/a><\/h3><\/header><\/div><footer class=\"entry-footer\"><\/footer><\/article><\/div><\/div><\/p><\/div><div class=\"flex_column av_one_fourth  flex_column_div av-zero-column-padding   avia-builder-el-11  el_after_av_three_fourth  avia-builder-el-last  \" style='border-radius:0px; '><p><div class='avia-image-container  av-styling-    avia-builder-el-12  el_before_av_image  avia-builder-el-first  avia-align-center '  itemprop=\"image\" itemscope=\"itemscope\" itemtype=\"https:\/\/schema.org\/ImageObject\"  ><div class='avia-image-container-inner'><div class='avia-image-overlay-wrap'><img class='avia_image' src='https:\/\/www.magistrimediterranei.org\/wp-content\/uploads\/2016\/06\/cetines.png' alt='' title='cetines' height=\"250\" width=\"250\"  itemprop=\"thumbnailUrl\"  \/><\/div><\/div><\/div><br \/>\n<div class='avia-image-container  av-styling-    avia-builder-el-13  el_after_av_image  avia-builder-el-last  avia-align-center '  itemprop=\"image\" itemscope=\"itemscope\" itemtype=\"https:\/\/schema.org\/ImageObject\"  ><div class='avia-image-container-inner'><div class='avia-image-overlay-wrap'><img class='avia_image' src='https:\/\/www.magistrimediterranei.org\/wp-content\/uploads\/2016\/06\/lateral-3.jpg' alt='' title='lateral-3' height=\"800\" width=\"300\"  itemprop=\"thumbnailUrl\"  \/><\/div><\/div><\/div><\/p><\/div><\/p>\n","protected":false},"excerpt":{"rendered":"","protected":false},"author":1,"featured_media":0,"parent":0,"menu_order":0,"comment_status":"closed","ping_status":"closed","template":"","meta":[],"_links":{"self":[{"href":"https:\/\/www.magistrimediterranei.org\/ca\/wp-json\/wp\/v2\/pages\/1278"}],"collection":[{"href":"https:\/\/www.magistrimediterranei.org\/ca\/wp-json\/wp\/v2\/pages"}],"about":[{"href":"https:\/\/www.magistrimediterranei.org\/ca\/wp-json\/wp\/v2\/types\/page"}],"author":[{"embeddable":true,"href":"https:\/\/www.magistrimediterranei.org\/ca\/wp-json\/wp\/v2\/users\/1"}],"replies":[{"embeddable":true,"href":"https:\/\/www.magistrimediterranei.org\/ca\/wp-json\/wp\/v2\/comments?post=1278"}],"version-history":[{"count":4,"href":"https:\/\/www.magistrimediterranei.org\/ca\/wp-json\/wp\/v2\/pages\/1278\/revisions"}],"predecessor-version":[{"id":1473,"href":"https:\/\/www.magistrimediterranei.org\/ca\/wp-json\/wp\/v2\/pages\/1278\/revisions\/1473"}],"wp:attachment":[{"href":"https:\/\/www.magistrimediterranei.org\/ca\/wp-json\/wp\/v2\/media?parent=1278"}],"curies":[{"name":"wp","href":"https:\/\/api.w.org\/{rel}","templated":true}]}}