{"id":101,"date":"2016-06-29T11:09:13","date_gmt":"2016-06-29T11:09:13","guid":{"rendered":"http:\/\/www.magistrimediterranei.org\/ca\/?page_id=101"},"modified":"2016-09-15T08:49:20","modified_gmt":"2016-09-15T08:49:20","slug":"bibliografia","status":"publish","type":"page","link":"https:\/\/www.magistrimediterranei.org\/ca\/bibliografia\/","title":{"rendered":"Bibliograf\u00eda"},"content":{"rendered":"<div class=\"flex_column av_three_fourth  flex_column_div av-zero-column-padding first  avia-builder-el-0  el_before_av_one_fourth  avia-builder-el-first  \" style='border-radius:0px; '><section class=\"av_textblock_section \"  itemscope=\"itemscope\" itemtype=\"https:\/\/schema.org\/CreativeWork\" ><div class='avia_textblock  '   itemprop=\"text\" ><p style=\"text-align: justify;\">Abulafia, <em>The Great Sea. A Human History of the Mediterranean, <\/em>Londres, 2013 (Trad. Esp. <em>El Gran Mar<\/em>. Una historia humana del Mediterr\u00e1neo, Barcelona, 2013).<\/p>\n<p style=\"text-align: justify;\">Alay Rodr\u00edguez, J.C., Clariana i Roig, J.F., \u201cEl capitell bizant\u00ed de Santa Maria de Matar\u00f3 (Maresme) i la IV Croada\u201d, en <em>Els Monestirs Medievals, Actes de les IV Jornades d\u2019Hist\u00f2ria i Arqueologia Medieval del Maresme<\/em>, Matar\u00f3 2011, pp. 61-63.<\/p>\n<p style=\"text-align: justify;\">Ayensa, <em>Els catalans a Gr\u00e8cia. Castells i torres a la terra dels D\u00e9us,<\/em> Barcelona 2015 (con extensa bibliograf\u00eda).<\/p>\n<p style=\"text-align: justify;\">Androudis, A. Yangaki, \u201cA fragment of the <em>Pula Type <\/em>of lustreware immured at the exonarthex of the Katholikon of the monastery of the Hilandari (Mount Athos Peninsula), <em>Matica srpska journal for Fine Arts, <\/em>42 (2014), pp. 51-60.<\/p>\n<p style=\"text-align: justify;\">Barsanti, M. Pilutti Namer, \u201cDa Constantinopoli a Venezia: nuove spoglie della chiesa di S. Polieucto\u201d, <em>Nea Rhome, <\/em>6, 2009, pp. 133-156.<\/p>\n<p style=\"text-align: justify;\">Burns, \u201cThe Catalan Company and the European Powers, 1305-1311\u201d, <em>Speculum, <\/em>1954, 751-771.<\/p>\n<p style=\"text-align: justify;\">Bacci, M. Rohde, <em>The Holy Portolano\/ Le portulan sacr\u00e9. <\/em><em>The Sacred Geography of Navigation in the Middle Ages. <\/em><em>Fribourg Colloquium 2013<\/em>, Berlin: De Gruyter, 2014.<\/p>\n<p style=\"text-align: justify;\">Bacci, \u2018Byzantium and the West\u2019, in: R. Cormack and M. Vassilaki (eds.), <em>Byzantium 330-1453<\/em>, exhibition catalogue (London, Royal Academy of Arts, 25 October 2008-22 March 2009), London, Royal Academy of Arts, 2008, pp. 275-279 and 464-465.<\/p>\n<p style=\"text-align: justify;\">Bacci, \u2018Greek Painters Working for Latin and Non-Orthodox Patrons in the Late Medieval Mediterranean\u2019, in: J. Anderson (ed.),<em> Crossing cultures: conflict, migration and convergence: the proceedings of the 32nd International Congress of the History of Art<\/em>, Melbourne, Melbourne University Publishing, 2009, pp. 196-201.<\/p>\n<p style=\"text-align: justify;\">Bacci, \u2018La moltiplicazione dei luoghi sacri lungo le vie d\u2019acqua per Gerusalemme nel tardo Medioevo\u2019, in P. Caucci von Saucken and R. V\u00e1zquez (eds.), <em>Peregrino, ruta y meta en las <\/em>peregrinationes maiores. <em>VIII Congreso internacional de estudios jacobeos (Santiago de Compostela, 13-15 Octubre 2010)<\/em>, Santiago de Compostela: Xunta de Galicia 2012, pp. 179-194.<\/p>\n<p style=\"text-align: justify;\">Bacci, \u2018Toscane, Byzance et Levant: pour une histoire dynamique des rapports artistiques m\u00e9diterran\u00e9ens aux XII<sup>e<\/sup> et XIII<sup>e<\/sup> si\u00e8cles\u2019, in J.-P. Caillet and F. Joubert (eds.), <em>Orient et Occident m\u00e9diterran\u00e9ens au XIII<sup>e<\/sup> si\u00e8cle. <\/em><em>Les programmes picturaux<\/em>, Paris: Picard 2012, pp. 235-256.<\/p>\n<p style=\"text-align: justify;\">Bacci, \u2018Some Thoughts on Greco-Venetian Artistic Interactions in the Fourteenth and Early Fifteenth Centuries\u2019, in Antony Eastmond and Liz James (eds.), <em>Wonderful Things: Byzantium through Its Art<\/em>, Farnham: Ashgate, 2013, pp. 203-227.<\/p>\n<p style=\"text-align: justify;\">Bacci, \u2018Veneto-Byzantine \u201cHybrids\u201d: Towards a Reassessment\u2019, <em>Studies in Iconography<\/em> 35 (2014), pp. 73-106.<\/p>\n<p style=\"text-align: justify;\">Bacci, C. J\u00e4ggi, Bi. K\u00fchnel, R. Quirini-Pop\u0142awski, A. Shalem, G. Wolf, \u2018Qu\u2019est-ce que l\u2019espace m\u00e9diterran\u00e9en au Moyen \u00c2ge\u2019, <em>Perspective <\/em>(2014), n. 2, p. 271-292.<\/p>\n<p style=\"text-align: justify;\">Bay &#8211; L. Carletti &#8211; F. Paliaga (eds.), <em>Storia illustrata della pittura a Pisa dalle origini al Cinquecento<\/em>, Pisa (Pacini editore) 2015.<\/p>\n<p style=\"text-align: justify;\">Baydal Sala, \u201cSanta Tecla, San Jorge y Santa B\u00e1rbara: los monarcas de la Corona de Arag\u00f3n a la b\u00fasqueda de reliquias en Oriente (siglos XIV-XV)\u201d, <em>Anaquel de Estudios \u00c1rabes, <\/em>21, 2010, 153-162.J-P, Caillet and F. Joubert, <em>Orient et Occident m\u00e9diterran\u00e9es au XIII\u00e8. <\/em><em>Les programmes picturaux<\/em> (Paris 2012).<\/p>\n<p style=\"text-align: justify;\">Bon, \u201cForteresses m\u00e9di\u00e9vales de la Gr\u00e8ce centrale\u201d, <em>Bulletin de Correspondance hell\u00e9nique, <\/em>61 (1937), pp. 136-208.<\/p>\n<p style=\"text-align: justify;\">Burresi &#8211; L. Carletti &#8211; C. Giometti (eds.), <em>I pittori dell\u2019oro. Alla scoperta della pittura a Pisa nel Medioevo<\/em>, Pisa 2002<\/p>\n<p style=\"text-align: justify;\">M. Burresi, A.\u00a0Caleca, <em>Cimabue<\/em> a <em>Pisa<\/em>. <em>La<\/em> <em>pittura<\/em> <em>pisana<\/em> <em>del<\/em> <em>Duecento<\/em> <em>da<\/em> <em>Giunta<\/em> a Gi<em>o<\/em>tto. Catalogo della mostra (Pisa, 25 marzo 2005-25 giugno 2005).<\/p>\n<p style=\"text-align: justify;\">Casti\u00f1eiras, \u201cOxford, Magdalen College, ms. Gr. 3: Artistic Practice, Byzatine Drawings and Mobility in Medieval Mediterranean Painging around 1200\u201d, <em>Arte Medievale<\/em>, Nuova Serie, IV, 2015.<\/p>\n<p style=\"text-align: justify;\">Casti\u00f1eiras,\u201dCatalan Panel Painting around 1200, the Eastern Mediterranean and Byzantium\u201d, in <em>Romanesque Art and the Mediterranean<\/em>, R. Bacile, J. McNeill (dir.), Maney, Leeds, 2015.<\/p>\n<p style=\"text-align: justify;\">Casti\u00f1eiras, \u201cLa peinture autour de 1200 et la M\u00e9diterran\u00e9e: voies d\u2019\u00e9changes et processus de transformation entre Orient et Occident\u201d, <em>Les Cahiers de Saint-Michel de Cuxa<\/em>, XLVII, 2016 (en prensa).<\/p>\n<p style=\"text-align: justify;\">Casti\u00f1eiras, \u201cWeaving stories, images and devotions: the Medieval Mediterranean as a backdrop\u201d, in <em>A Sea and Its Saints: Hagiography and the Structurin of the Mediterranean in the Middle Ages, <\/em>N. Jaspert, M. di Branco (dir.), Roma, 2016 (en prensa).<\/p>\n<p style=\"text-align: justify;\">Constantoudaki-Kitromilidis, \u201cViaggi di pittori tra Costantinopoli e Candia: documenti d&#8217;archivio e influssi sull&#8217;arte (XIX-XV sec.)\u201d, ed. Chr. Maltezou, A. Tzavara, D. Vlassi,\u00a0<em>I Greci durante la Venetocrazia: uomini, spazio, idee (XIII-XVIII sec.)<\/em>, Venezia 2009, pp. 709-723.<\/p>\n<p style=\"text-align: justify;\"><em>Cultural Brokers at Medieval Courts in the Middle Ages (<\/em> N. Jaspert, 2013<em>).<\/em><\/p>\n<p style=\"text-align: justify;\">Davis, D. Howard, W. Pullan, <em>Architecture and Pilgrimage, 1000-1500. Southern Europe and Beyond, <\/em>Farnham, Surrey, UK, 2013.<\/p>\n<p style=\"text-align: justify;\">de Dalmases, A. Jos\u00e9 i Pitarch, <em>L\u2019\u00e9poca del C\u00edster, Segle XIII, <\/em>Barcelona, 1985.<\/p>\n<p style=\"text-align: justify;\">Duran i Duelt, \u201cIcons and minors arts: a neglected aspect of trade between Romania and the crown of Aragon\u201d, <em>Byzantinische Zeitschrift, <\/em>105 (2012), pp. 29-52.<\/p>\n<p style=\"text-align: justify;\">Duran i Duelt,\u201dLa Corona de Arag\u00f3n y el Sina\u00ed en la Edad Media. A prop\u00f3sito del retablo de Santa Catalina de Bernat de Maresa, c\u00f3nsul catal\u00e1n en Damasco\u201d, <em>Erytheia, <\/em>32 (2011), pp. 217-244.<\/p>\n<p style=\"text-align: justify;\">Durand, D. Giovannoni, eds, <em>Chypre entre Byzance et l\u2019Occident, IV\u00e8-XVI\u00e8 si\u00e8cle<\/em> (Paris 2012).<\/p>\n<p style=\"text-align: justify;\">Efthymiadis, A. Mazarkis, \u201cQuestions de chronologie sur Ramon Muntaner et Georges Pachym\u00e9res. La Prise de Phoc\u00e9e et the Thasos en 1307\u201d, <em>Greek, Roman and Byzantine Studies <\/em>49 (2009), pp. 303-321.<\/p>\n<p style=\"text-align: justify;\">Geymonat, \u201cDrawing, Memory and Imagination in the Wolfenbu\u0308ttel Musterbuch,\u201d in <em>Mechanisms of Exchange:Transmission in Medieval Art and Architecture of the Mediterranean, ca. 1000-1500<\/em>, eds. Heather E. Grossman and Alicia Walker, <em>Medieval Encounters<\/em>, 18 (2012), 518-82<\/p>\n<p style=\"text-align: justify;\"><em>Georges Pachym\u00e9r\u00e8s. <\/em><em>Relation Historiques. III. Livres VII-IX; X-XIII<\/em>, ed. Failler, Par\u00eds, 1990.<\/p>\n<p style=\"text-align: justify;\">Folda, <em>Crusader Art in Holy Land, from the Third Crusade to the Fall of Acre, 1187-1291 <\/em>(Cambridge 2005), 511-25.<\/p>\n<p style=\"text-align: justify;\">Fuguet, <em>L\u2019arquitectura dels Templers a Catalunya, <\/em>Barcelona, 1995.<\/p>\n<p style=\"text-align: justify;\">J. Geary, <em>Le vol des reliques au Moyen \u00c2ge, <\/em>Par\u00eds, 1993.<\/p>\n<p style=\"text-align: justify;\">Guardia Pons, M. , \u00abL&#8217;Escultura monumental i decorativa\u00bb, <em>Del rom\u00e0 al rom\u00e0nic. Hist\u00f2ria, Art i Cultura de la Tarraconense mediterr\u00e0nia entre els segles VI i X<\/em>, Enciclop\u00e8dia Catalana, Barcelona, 1999, pp.205-248.<\/p>\n<p style=\"text-align: justify;\">M. Harrison, \u201cThe Church of St. Polyeuktos in Istanbul and the Temple of Salomon\u201d, <em>Okeanos. Harvard Ukraninan Studies, Essays presented to Ihor Sevcenko in his Sixtieth Birthday by his Colleagues and Students, <\/em>ed. C. Mango, O. Pritsak, Harvard, 1984, 276-279.<\/p>\n<p style=\"text-align: justify;\">Homs i Guzman, \u201cRelats de Pelegrinatge a Terra en llengua catalana. Un cam\u00ed de set segles\u201d, <em>Analecta Sacra Tarraconensia<\/em>, 76, 2003, 5-43.<\/p>\n<p style=\"text-align: justify;\">Howard, <em>Venice &amp; the Past. The Impact of the Islamic World on Venetian Architecture 1100-1500, <\/em>New Hawen-Londres, 2000.<\/p>\n<p style=\"text-align: justify;\">K\u00fchnel, <em>Crusader Art of the Twelfth Century. A Geographical and Historical or an Art Historical Notion? (<\/em>Berlin 1994).<\/p>\n<p style=\"text-align: justify;\">Jaspert, \u201cGefangenloskauf in der Krone Arag\u00f3n und die Anf\u00e4nge des Mercedarierordens\u201d, <em>Gefangenenloskauf im Mittelmeerraum,\u00a0 <\/em>ed. H. Grieser, N. Priesching,\u00a0 Hildesheim, 2015, 99-121.<\/p>\n<p style=\"text-align: justify;\">E. Laiou, <em>Constantinople and the Latins. The Foreign Policy of Andronicus II, 1282-1328, <\/em>Cambridge, Mass, 1972.<\/p>\n<p style=\"text-align: justify;\"><em>Latins and Greeks in the Eastern Mediterranean after 1204, <\/em> By B. Arbel, B. Hamilton, D. Jacoby, New York, 1989.<\/p>\n<p style=\"text-align: justify;\">Lia\u00f1o <em>et al. Tarragona y L\u00e9rida, <\/em>Madrid, 1987.<\/p>\n<p style=\"text-align: justify;\">Lutrell, <em>Latin Greece, The Hospitallers and the Crusades 1291-1440, <\/em>London, 1982.<\/p>\n<p style=\"text-align: justify;\"><em> The Catalan Atlas of the year 1375, <\/em>ed. G. Grosjean, Zurich, 1978.<\/p>\n<p style=\"text-align: justify;\"><em> L&#8217;esplendor de la Mediterr\u00e0nia medieval (segles XIII-XV),<\/em> ed. X. Barral i Altet, Barcelona, 2004.<\/p>\n<p style=\"text-align: justify;\">Mango, C., Sevcencko, I., \u201cRemains of the Church of St. Polyeuktos at Constantinople\u201d, <em>Dumbarton Oaks Papers, <\/em>15, 1961, 243-247.<\/p>\n<p style=\"text-align: justify;\">Maguire, H, Nelson, R.S. (eds.), <em>Byzantium and the Myths of Venice,<\/em> Dumbarton Oaks Research Library and Collection, Washington DC, 2010<\/p>\n<p style=\"text-align: justify;\">Mitteraurer, J. Morrissey, <em>Pisa nel Medioevo. Potenza sull mare e motore di cultura, <\/em>Roma, 2015.<\/p>\n<p style=\"text-align: justify;\">Molin, <em>Unknown Crusaders Castles, <\/em>New York, 2001.<\/p>\n<p style=\"text-align: justify;\">Molina, \u201cSotto il segno d\u2019Oriente. La monarchia catalano-aragonese e la ricerca del sacor nelle terre el Levante Mediterraneo\u201d, <em>Representation of Power at the Mediterranean Borders of Europe (12th-14th centuries), <\/em>ed. I. Baumg\u00e4rtner, M. Vagnoni, M. Welton, Florencia, 2014, p. 71-90).<\/p>\n<p style=\"text-align: justify;\">Niglio, <em>Akko, perla del Mediterraneo<\/em>, Pisa, 2009.<\/p>\n<p style=\"text-align: justify;\">Pringle, <em>Pilgrimages to Jerusalem and the Holy Land, 1187-1291, <\/em>Farnham, Surrey, UK, 2012.<\/p>\n<p style=\"text-align: justify;\">Rubi\u00f3 i Lluch, <em>Diplomatari de l\u2019Orient Catal\u00e0 (1301-1409), <\/em>Barcelona, 2001.<\/p>\n<p style=\"text-align: justify;\">Semoglou, <em>Th\u00e8cle \u00e0 l\u2019aube du Christianisme, <\/em>Tesal\u00f3nica, 2014.<\/p>\n<p style=\"text-align: justify;\">M. Setton, <em>Catalan Domination of Athens, 1311-1388, <\/em>Cambridges, Mass., 1948.<\/p>\n<p style=\"text-align: justify;\"><em>San Marco, Byzantium and the Myths of Venice, <\/em> H. Maguire, R. S. Nelson, Washington, 2010.<\/p>\n<p style=\"text-align: justify;\">M. Setton, <em>Catalan Domination of Athens, 1311-1388, <\/em>Cambridge, Mass., 1948.<\/p>\n<p style=\"text-align: justify;\">F Soldevilla, <em>Les quatre grans Cr\u00f2niques. <\/em><em> Cr\u00f3nica de Ramon Muntaner, <\/em>Barcelona, 2011.<\/p>\n<p style=\"text-align: justify;\">T. Ferrer i Mayol, ed., <em>Els Catalans a la Mediterr\u00e0nia oriental a l&#8217;edat mitjana<\/em>, Jornades Cient\u00edfiques de l&#8217;Institut d&#8217;Estudis Catalans, Secci\u00f3 Hist\u00f2rico-arqueol\u00f2gica, Barcelona, 2003.<\/p>\n<p style=\"text-align: justify;\">T. Ferrer i Mayol, D. Coulon, eds., <em>L&#8217;Expansi\u00f3 catalana a la Mediterr\u00e0nia a la Baixa Edat Mitjana, <\/em>Actes del S\u00e9minaire\/Seminari organitzat per la Casa de Vel\u00e1zquez (Madrid) i la Instituci\u00f3 Mil\u00e0 i Fontanals (CSIC, Barcelona), Barcelona, 1999<\/p>\n<p style=\"text-align: justify;\"><em>The Byzantine Contribution to the Western Art of the 12th and 13<sup>th<\/sup>centuries, <\/em>n\u00famero monogr\u00e1fico de Dumbarton Oaks Papers, 20 (1966), coordinado por K. Weitzman y E. Kitzinger.<\/p>\n<p style=\"text-align: justify;\"><em>The Year 1200: A Centennial Exhibition at the Metropolitan Museum of Art<\/em>, ed K. Hoffmann (New York 1970), 2 vols; <em>The Year 1200: A Symposium<\/em>, The Metropolitan Museum of Art (New York, 1975).<\/p>\n<p style=\"text-align: justify;\">Vielliard, \u201cP\u00e8lerins d\u2019Espagne \u00e0 la fin du Moyen \u00c2ge\u201d, <em>Analecta Sacra Tarraconensia, <\/em>12, 1936, 265-300.<\/p>\n<p style=\"text-align: justify;\"><em>Western Travellers to Constantinople. The West and Byzantium, 962-1204. <\/em><em>Cultural and Political Relations, <\/em> K. N. Ciggar (1996).<\/p>\n<\/div><\/section><\/div><div class=\"flex_column av_one_fourth  flex_column_div av-zero-column-padding   avia-builder-el-2  el_after_av_three_fourth  avia-builder-el-last  \" style='border-radius:0px; '><p><div class='avia-image-container  av-styling-    avia-builder-el-3  el_before_av_image  avia-builder-el-first  avia-align-center '  itemprop=\"image\" itemscope=\"itemscope\" itemtype=\"https:\/\/schema.org\/ImageObject\"  ><div class='avia-image-container-inner'><div class='avia-image-overlay-wrap'><img class='avia_image' src='https:\/\/www.magistrimediterranei.org\/wp-content\/uploads\/2016\/06\/lateral-1.jpg' alt='' title='lateral-1' height=\"800\" width=\"300\"  itemprop=\"thumbnailUrl\"  \/><\/div><\/div><\/div><br \/>\n<div class='avia-image-container  av-styling-    avia-builder-el-4  el_after_av_image  avia-builder-el-last  avia-align-center '  itemprop=\"image\" itemscope=\"itemscope\" itemtype=\"https:\/\/schema.org\/ImageObject\"  ><div class='avia-image-container-inner'><div class='avia-image-overlay-wrap'><img class='avia_image' src='https:\/\/www.magistrimediterranei.org\/wp-content\/uploads\/2016\/06\/lateral-2.jpg' alt='' title='lateral-2' height=\"800\" width=\"300\"  itemprop=\"thumbnailUrl\"  \/><\/div><\/div><\/div><\/p><\/div><\/p>\n","protected":false},"excerpt":{"rendered":"","protected":false},"author":1,"featured_media":0,"parent":0,"menu_order":0,"comment_status":"closed","ping_status":"closed","template":"","meta":[],"_links":{"self":[{"href":"https:\/\/www.magistrimediterranei.org\/ca\/wp-json\/wp\/v2\/pages\/101"}],"collection":[{"href":"https:\/\/www.magistrimediterranei.org\/ca\/wp-json\/wp\/v2\/pages"}],"about":[{"href":"https:\/\/www.magistrimediterranei.org\/ca\/wp-json\/wp\/v2\/types\/page"}],"author":[{"embeddable":true,"href":"https:\/\/www.magistrimediterranei.org\/ca\/wp-json\/wp\/v2\/users\/1"}],"replies":[{"embeddable":true,"href":"https:\/\/www.magistrimediterranei.org\/ca\/wp-json\/wp\/v2\/comments?post=101"}],"version-history":[{"count":4,"href":"https:\/\/www.magistrimediterranei.org\/ca\/wp-json\/wp\/v2\/pages\/101\/revisions"}],"predecessor-version":[{"id":423,"href":"https:\/\/www.magistrimediterranei.org\/ca\/wp-json\/wp\/v2\/pages\/101\/revisions\/423"}],"wp:attachment":[{"href":"https:\/\/www.magistrimediterranei.org\/ca\/wp-json\/wp\/v2\/media?parent=101"}],"curies":[{"name":"wp","href":"https:\/\/api.w.org\/{rel}","templated":true}]}}